{"id":106182,"date":"2022-09-09T00:33:41","date_gmt":"2022-09-08T22:33:41","guid":{"rendered":"https:\/\/www.justiceinfo.net\/?page_id=106182"},"modified":"2022-09-19T15:08:51","modified_gmt":"2022-09-19T13:08:51","slug":"informes-especiales","status":"publish","type":"page","link":"https:\/\/www.justiceinfo.net\/es\/informes-especiales","title":{"rendered":"Informes especiales"},"content":{"rendered":"\n<p><em>Nuestros informes especiales re\u00fanen diferentes art\u00edculos vinculados por un tema o proceso de justicia com\u00fan. Algunos est\u00e1n claramente orientados a los acontecimientos, otros son de larga duraci\u00f3n.<\/em><\/p>\n\n\n\n<div style=\"height:20px\" aria-hidden=\"true\" class=\"wp-block-spacer\"><\/div>\n\n\n<\/div><div class=\"articleList\"><div class=\"container-fluid container-xl mt-5\"><div class=\"row\"><div class=\"col-sm-12\"><div class=\"articleLink articleLink--listLarge articleLink--textInImage articleLink--textTop\" style=\"\">\r\n\t\t\t\t\t<div class=\"row\">\r\n\t\t\t\t<div class=\"col-md-8\">\r\n\t\t\t\t\t<a href=\"https:\/\/www.justiceinfo.net\/es\/105719-justicia-transicional-el-gran-desafio-colombiano.html\" class=\"articleLinkImageContainer \"><img loading=\"lazy\" decoding=\"async\" width=\"540\" height=\"360\" src=\"https:\/\/www.justiceinfo.net\/wp-content\/uploads\/6bf89786aabef152d8d65a2ebaa69079-540x360.jpg\" class=\"articleLinkImage backgroundImageTag w-100 wp-post-image\" alt=\"Dibujo que ilustra la reconstrucci\u00f3n de Colombia en el campo. Hombres y mujeres trabajan para reparar el pa\u00eds con rollos de tela que colocan en el suelo.\" srcset=\"\" sizes=\"auto, (max-width: 540px) 100vw, 540px\" \/><\/a>\r\n\t\t\t\t<\/div>\r\n\t\t\t\t<div class=\"col-md-4\">\r\n\t\t\t\t\t<ul class=\"postTags\"><li class=\"postTagItem\"><a href=\"https:\/\/www.justiceinfo.net\/es\/regions\/colombia-es\" class=\"postTagItem-link postTag--location\">Colombia<\/a><\/li><li class=\"postTagItem\"><span class=\"postTagItem-link postTag--type\">Enfoque especial<\/span><\/li><\/ul>\r\n\t\t\t\t\t<a href=\"https:\/\/www.justiceinfo.net\/es\/105719-justicia-transicional-el-gran-desafio-colombiano.html\" class=\"articleLinkTitle articleLinkTitle--default\">\r\n\t\t\tJusticia transicional: El gran desaf\u00edo colombiano\r\n\t\t<\/a>\r\n\t\t\t\t\t<div class=\"articleLinkMetas\">\r\n\t\t\t\t\t\t<span class=\"articleLinkDate\">9 abril 2020<\/span>\r\n\t\t\t\t\t\t<span class=\"articleLinkAuthors\">por JusticeInfo.net<\/span>\r\n\t\t\t\t\t<\/div>\r\n\t\t\t\t\t<a class=\"articleLinkExcerpt\" href=\"https:\/\/www.justiceinfo.net\/es\/105719-justicia-transicional-el-gran-desafio-colombiano.html\">Ning\u00fan pa\u00eds del mundo ha concebido y puesto en marcha un proceso de justicia tan amplio y polifac\u00e9tico como Colombia. Esta justicia transicional naci\u00f3 del hist\u00f3rico acuerdo de paz, a finales de 2016, entre el gobierno y las Fuerza [...]<\/a>\r\n\t\t\t\t<\/div>\r\n\t\t\t<\/div>\r\n\t\t\t\r\n\t\t\t\t<\/div><\/div><\/div><\/div><\/div><div class=\"container-fluid container-xl\">\r\n\t<nav class=\"pagination pagination--comments\" role=\"navigation\">\r\n\t\t<div class=\"pagination__items\"><\/div>\r\n\t<\/nav>\n","protected":false},"excerpt":{"rendered":"<p>Nuestros informes especiales re\u00fanen diferentes art\u00edculos vinculados por un tema o proceso de justicia com\u00fan. Algunos est\u00e1n claramente orientados a los acontecimientos, otros son de larga duraci\u00f3n.<\/p>\n","protected":false},"author":166,"featured_media":0,"parent":0,"menu_order":0,"comment_status":"closed","ping_status":"closed","template":"","meta":{"_acf_changed":false,"footnotes":""},"class_list":["post-106182","page","type-page","status-publish","hentry"],"acf":[],"yoast_head":"<!-- This site is optimized with the Yoast SEO Premium plugin v25.3.1 (Yoast SEO v25.3.1) - https:\/\/yoast.com\/wordpress\/plugins\/seo\/ -->\n<title>Informes especiales - JusticeInfo.net<\/title>\n<meta name=\"robots\" content=\"index, follow, max-snippet:-1, max-image-preview:large, max-video-preview:-1\" \/>\n<link rel=\"canonical\" href=\"https:\/\/www.justiceinfo.net\/es\/informes-especiales\" \/>\n<meta property=\"og:locale\" content=\"es_ES\" \/>\n<meta property=\"og:type\" content=\"article\" \/>\n<meta property=\"og:title\" content=\"Informes especiales\" \/>\n<meta property=\"og:description\" content=\"Nuestros informes especiales re\u00fanen diferentes art\u00edculos vinculados por un tema o proceso de justicia com\u00fan. Algunos est\u00e1n claramente orientados a los acontecimientos, otros son de larga duraci\u00f3n.\" \/>\n<meta property=\"og:url\" content=\"https:\/\/www.justiceinfo.net\/es\/informes-especiales\" \/>\n<meta property=\"og:site_name\" content=\"JusticeInfo.net\" \/>\n<meta property=\"article:publisher\" content=\"https:\/\/www.facebook.com\/JusticeInfo\/\" \/>\n<meta property=\"article:modified_time\" content=\"2022-09-19T13:08:51+00:00\" \/>\n<meta property=\"og:image\" content=\"https:\/\/www.justiceinfo.net\/wp-content\/uploads\/JusticeInfoNet_logo_1200x630px.jpg\" \/>\n\t<meta property=\"og:image:width\" content=\"1200\" \/>\n\t<meta property=\"og:image:height\" content=\"630\" \/>\n\t<meta property=\"og:image:type\" content=\"image\/jpeg\" \/>\n<meta name=\"twitter:card\" content=\"summary_large_image\" \/>\n<meta name=\"twitter:site\" content=\"@justiceinfonet\" \/>\n<script type=\"application\/ld+json\" class=\"yoast-schema-graph\">{\"@context\":\"https:\/\/schema.org\",\"@graph\":[{\"@type\":\"WebPage\",\"@id\":\"https:\/\/www.justiceinfo.net\/es\/informes-especiales\",\"url\":\"https:\/\/www.justiceinfo.net\/es\/informes-especiales\",\"name\":\"Informes especiales - JusticeInfo.net\",\"isPartOf\":{\"@id\":\"https:\/\/www.justiceinfo.net\/es#website\"},\"datePublished\":\"2022-09-08T22:33:41+00:00\",\"dateModified\":\"2022-09-19T13:08:51+00:00\",\"breadcrumb\":{\"@id\":\"https:\/\/www.justiceinfo.net\/es\/informes-especiales#breadcrumb\"},\"inLanguage\":\"es\",\"potentialAction\":[{\"@type\":\"ReadAction\",\"target\":[\"https:\/\/www.justiceinfo.net\/es\/informes-especiales\"]}]},{\"@type\":\"BreadcrumbList\",\"@id\":\"https:\/\/www.justiceinfo.net\/es\/informes-especiales#breadcrumb\",\"itemListElement\":[{\"@type\":\"ListItem\",\"position\":1,\"name\":\"Home\",\"item\":\"https:\/\/www.justiceinfo.net\/es\"},{\"@type\":\"ListItem\",\"position\":2,\"name\":\"Informes especiales\"}]},{\"@type\":\"WebSite\",\"@id\":\"https:\/\/www.justiceinfo.net\/es#website\",\"url\":\"https:\/\/www.justiceinfo.net\/es\",\"name\":\"JusticeInfo.net\",\"description\":\"La justicia debe ser visible para ser un hecho\",\"publisher\":{\"@id\":\"https:\/\/www.justiceinfo.net\/es#organization\"},\"potentialAction\":[{\"@type\":\"SearchAction\",\"target\":{\"@type\":\"EntryPoint\",\"urlTemplate\":\"https:\/\/www.justiceinfo.net\/es?s={search_term_string}\"},\"query-input\":{\"@type\":\"PropertyValueSpecification\",\"valueRequired\":true,\"valueName\":\"search_term_string\"}}],\"inLanguage\":\"es\"},{\"@type\":\"Organization\",\"@id\":\"https:\/\/www.justiceinfo.net\/es#organization\",\"name\":\"Justice Info\",\"url\":\"https:\/\/www.justiceinfo.net\/es\",\"logo\":{\"@type\":\"ImageObject\",\"inLanguage\":\"es\",\"@id\":\"https:\/\/www.justiceinfo.net\/es#\/schema\/logo\/image\/\",\"url\":\"https:\/\/www.justiceinfo.net\/wp-content\/uploads\/justiceinfo_logo-trans_1200x1200px.png\",\"contentUrl\":\"https:\/\/www.justiceinfo.net\/wp-content\/uploads\/justiceinfo_logo-trans_1200x1200px.png\",\"width\":1199,\"height\":1200,\"caption\":\"Justice Info\"},\"image\":{\"@id\":\"https:\/\/www.justiceinfo.net\/es#\/schema\/logo\/image\/\"},\"sameAs\":[\"https:\/\/www.facebook.com\/JusticeInfo\/\",\"https:\/\/x.com\/justiceinfonet\",\"https:\/\/www.linkedin.com\/company\/justice-info\",\"https:\/\/www.youtube.com\/channel\/UCyCEsARodyuWtkWyhn-e7pA\"]}]}<\/script>\n<!-- \/ Yoast SEO Premium plugin. -->","yoast_head_json":{"title":"Informes especiales - JusticeInfo.net","robots":{"index":"index","follow":"follow","max-snippet":"max-snippet:-1","max-image-preview":"max-image-preview:large","max-video-preview":"max-video-preview:-1"},"canonical":"https:\/\/www.justiceinfo.net\/es\/informes-especiales","og_locale":"es_ES","og_type":"article","og_title":"Informes especiales","og_description":"Nuestros informes especiales re\u00fanen diferentes art\u00edculos vinculados por un tema o proceso de justicia com\u00fan. Algunos est\u00e1n claramente orientados a los acontecimientos, otros son de larga duraci\u00f3n.","og_url":"https:\/\/www.justiceinfo.net\/es\/informes-especiales","og_site_name":"JusticeInfo.net","article_publisher":"https:\/\/www.facebook.com\/JusticeInfo\/","article_modified_time":"2022-09-19T13:08:51+00:00","og_image":[{"width":1200,"height":630,"url":"https:\/\/www.justiceinfo.net\/wp-content\/uploads\/JusticeInfoNet_logo_1200x630px.jpg","type":"image\/jpeg"}],"twitter_card":"summary_large_image","twitter_site":"@justiceinfonet","schema":{"@context":"https:\/\/schema.org","@graph":[{"@type":"WebPage","@id":"https:\/\/www.justiceinfo.net\/es\/informes-especiales","url":"https:\/\/www.justiceinfo.net\/es\/informes-especiales","name":"Informes especiales - JusticeInfo.net","isPartOf":{"@id":"https:\/\/www.justiceinfo.net\/es#website"},"datePublished":"2022-09-08T22:33:41+00:00","dateModified":"2022-09-19T13:08:51+00:00","breadcrumb":{"@id":"https:\/\/www.justiceinfo.net\/es\/informes-especiales#breadcrumb"},"inLanguage":"es","potentialAction":[{"@type":"ReadAction","target":["https:\/\/www.justiceinfo.net\/es\/informes-especiales"]}]},{"@type":"BreadcrumbList","@id":"https:\/\/www.justiceinfo.net\/es\/informes-especiales#breadcrumb","itemListElement":[{"@type":"ListItem","position":1,"name":"Home","item":"https:\/\/www.justiceinfo.net\/es"},{"@type":"ListItem","position":2,"name":"Informes especiales"}]},{"@type":"WebSite","@id":"https:\/\/www.justiceinfo.net\/es#website","url":"https:\/\/www.justiceinfo.net\/es","name":"JusticeInfo.net","description":"La justicia debe ser visible para ser un hecho","publisher":{"@id":"https:\/\/www.justiceinfo.net\/es#organization"},"potentialAction":[{"@type":"SearchAction","target":{"@type":"EntryPoint","urlTemplate":"https:\/\/www.justiceinfo.net\/es?s={search_term_string}"},"query-input":{"@type":"PropertyValueSpecification","valueRequired":true,"valueName":"search_term_string"}}],"inLanguage":"es"},{"@type":"Organization","@id":"https:\/\/www.justiceinfo.net\/es#organization","name":"Justice Info","url":"https:\/\/www.justiceinfo.net\/es","logo":{"@type":"ImageObject","inLanguage":"es","@id":"https:\/\/www.justiceinfo.net\/es#\/schema\/logo\/image\/","url":"https:\/\/www.justiceinfo.net\/wp-content\/uploads\/justiceinfo_logo-trans_1200x1200px.png","contentUrl":"https:\/\/www.justiceinfo.net\/wp-content\/uploads\/justiceinfo_logo-trans_1200x1200px.png","width":1199,"height":1200,"caption":"Justice Info"},"image":{"@id":"https:\/\/www.justiceinfo.net\/es#\/schema\/logo\/image\/"},"sameAs":["https:\/\/www.facebook.com\/JusticeInfo\/","https:\/\/x.com\/justiceinfonet","https:\/\/www.linkedin.com\/company\/justice-info","https:\/\/www.youtube.com\/channel\/UCyCEsARodyuWtkWyhn-e7pA"]}]}},"_links":{"self":[{"href":"https:\/\/www.justiceinfo.net\/es\/wp-json\/wp\/v2\/pages\/106182","targetHints":{"allow":["GET"]}}],"collection":[{"href":"https:\/\/www.justiceinfo.net\/es\/wp-json\/wp\/v2\/pages"}],"about":[{"href":"https:\/\/www.justiceinfo.net\/es\/wp-json\/wp\/v2\/types\/page"}],"author":[{"embeddable":true,"href":"https:\/\/www.justiceinfo.net\/es\/wp-json\/wp\/v2\/users\/166"}],"replies":[{"embeddable":true,"href":"https:\/\/www.justiceinfo.net\/es\/wp-json\/wp\/v2\/comments?post=106182"}],"version-history":[{"count":5,"href":"https:\/\/www.justiceinfo.net\/es\/wp-json\/wp\/v2\/pages\/106182\/revisions"}],"predecessor-version":[{"id":106658,"href":"https:\/\/www.justiceinfo.net\/es\/wp-json\/wp\/v2\/pages\/106182\/revisions\/106658"}],"wp:attachment":[{"href":"https:\/\/www.justiceinfo.net\/es\/wp-json\/wp\/v2\/media?parent=106182"}],"curies":[{"name":"wp","href":"https:\/\/api.w.org\/{rel}","templated":true}]}}