{"id":59127,"date":"2020-11-30T21:41:16","date_gmt":"2020-11-30T20:41:16","guid":{"rendered":"https:\/\/www.justiceinfo.net\/?page_id=59127"},"modified":"2025-03-17T22:07:31","modified_gmt":"2025-03-17T21:07:31","slug":"nous-soutenir","status":"publish","type":"page","link":"https:\/\/www.justiceinfo.net\/fr\/nous-soutenir","title":{"rendered":"Nous soutenir"},"content":{"rendered":"\n<iframe loading=\"lazy\" class=\"donorboxIframe\" src=\"https:\/\/donorbox.org\/embed\/don-justiceinfo-net?default_interval=o&amp;show_content=true\" name=\"donorbox\" scrolling=\"no\" seamless=\"seamless\" width=\"100%\" height=\"900\" frameborder=\"0\"><\/iframe>\n\n\n\n<figure class=\"wp-block-image size-full\"><img loading=\"lazy\" decoding=\"async\" width=\"1200\" height=\"630\" src=\"https:\/\/www.justiceinfo.net\/wp-content\/uploads\/Justice-Info_pub-don-ete-2021_Peyrucq_1200x630_FR.jpg\" alt=\"La justice doit \u00eatre vue pour \u00eatre rendue\" class=\"wp-image-80697\" srcset=\"https:\/\/www.justiceinfo.net\/wp-content\/uploads\/Justice-Info_pub-don-ete-2021_Peyrucq_1200x630_FR.jpg 1200w, https:\/\/www.justiceinfo.net\/wp-content\/uploads\/Justice-Info_pub-don-ete-2021_Peyrucq_1200x630_FR-730x383.jpg 730w, https:\/\/www.justiceinfo.net\/wp-content\/uploads\/Justice-Info_pub-don-ete-2021_Peyrucq_1200x630_FR-1110x583.jpg 1110w\" sizes=\"auto, (max-width: 1200px) 100vw, 1200px\" \/><\/figure>\n","protected":false},"excerpt":{"rendered":"","protected":false},"author":166,"featured_media":80697,"parent":0,"menu_order":0,"comment_status":"closed","ping_status":"closed","template":"","meta":{"_acf_changed":false,"footnotes":""},"class_list":["post-59127","page","type-page","status-publish","has-post-thumbnail","hentry"],"acf":[],"yoast_head":"<!-- This site is optimized with the Yoast SEO Premium plugin v25.3.1 (Yoast SEO v25.3.1) - https:\/\/yoast.com\/wordpress\/plugins\/seo\/ -->\n<title>Nous soutenir - JusticeInfo.net<\/title>\n<meta name=\"description\" content=\"Faites un don \u00e0 Justice Info. Pour donner \u00e0 nos journalistes les moyens de vous informer en toute ind\u00e9pendance, chaque contribution compte.\" \/>\n<meta name=\"robots\" content=\"index, follow, max-snippet:-1, max-image-preview:large, max-video-preview:-1\" \/>\n<link rel=\"canonical\" href=\"https:\/\/www.justiceinfo.net\/fr\/nous-soutenir\" \/>\n<meta property=\"og:locale\" content=\"fr_FR\" \/>\n<meta property=\"og:type\" content=\"article\" \/>\n<meta property=\"og:title\" content=\"Nous soutenir\" \/>\n<meta property=\"og:description\" content=\"Faites un don \u00e0 Justice Info. Pour donner \u00e0 nos journalistes les moyens de vous informer en toute ind\u00e9pendance, chaque contribution compte.\" \/>\n<meta property=\"og:url\" content=\"https:\/\/www.justiceinfo.net\/fr\/nous-soutenir\" \/>\n<meta property=\"og:site_name\" content=\"JusticeInfo.net\" \/>\n<meta property=\"article:publisher\" content=\"https:\/\/www.facebook.com\/JusticeInfo\/\" \/>\n<meta property=\"article:modified_time\" content=\"2025-03-17T21:07:31+00:00\" \/>\n<meta property=\"og:image\" content=\"https:\/\/www.justiceinfo.net\/wp-content\/uploads\/Justice-Info_pub-don-ete-2021_Peyrucq_1200x630_FR.jpg\" \/>\n\t<meta property=\"og:image:width\" content=\"1200\" \/>\n\t<meta property=\"og:image:height\" content=\"630\" \/>\n\t<meta property=\"og:image:type\" content=\"image\/jpeg\" \/>\n<meta name=\"twitter:card\" content=\"summary_large_image\" \/>\n<meta name=\"twitter:site\" content=\"@justiceinfonet\" \/>\n<meta name=\"twitter:label1\" content=\"Dur\u00e9e de lecture estim\u00e9e\" \/>\n\t<meta name=\"twitter:data1\" content=\"1 minute\" \/>\n<script type=\"application\/ld+json\" class=\"yoast-schema-graph\">{\"@context\":\"https:\/\/schema.org\",\"@graph\":[{\"@type\":\"WebPage\",\"@id\":\"https:\/\/www.justiceinfo.net\/fr\/nous-soutenir\",\"url\":\"https:\/\/www.justiceinfo.net\/fr\/nous-soutenir\",\"name\":\"Nous soutenir - JusticeInfo.net\",\"isPartOf\":{\"@id\":\"https:\/\/www.justiceinfo.net\/fr#website\"},\"primaryImageOfPage\":{\"@id\":\"https:\/\/www.justiceinfo.net\/fr\/nous-soutenir#primaryimage\"},\"image\":{\"@id\":\"https:\/\/www.justiceinfo.net\/fr\/nous-soutenir#primaryimage\"},\"thumbnailUrl\":\"https:\/\/www.justiceinfo.net\/wp-content\/uploads\/Justice-Info_pub-don-ete-2021_Peyrucq_1200x630_FR.jpg\",\"datePublished\":\"2020-11-30T20:41:16+00:00\",\"dateModified\":\"2025-03-17T21:07:31+00:00\",\"description\":\"Faites un don \u00e0 Justice Info. Pour donner \u00e0 nos journalistes les moyens de vous informer en toute ind\u00e9pendance, chaque contribution compte.\",\"breadcrumb\":{\"@id\":\"https:\/\/www.justiceinfo.net\/fr\/nous-soutenir#breadcrumb\"},\"inLanguage\":\"fr-FR\",\"potentialAction\":[{\"@type\":\"ReadAction\",\"target\":[\"https:\/\/www.justiceinfo.net\/fr\/nous-soutenir\"]}]},{\"@type\":\"ImageObject\",\"inLanguage\":\"fr-FR\",\"@id\":\"https:\/\/www.justiceinfo.net\/fr\/nous-soutenir#primaryimage\",\"url\":\"https:\/\/www.justiceinfo.net\/wp-content\/uploads\/Justice-Info_pub-don-ete-2021_Peyrucq_1200x630_FR.jpg\",\"contentUrl\":\"https:\/\/www.justiceinfo.net\/wp-content\/uploads\/Justice-Info_pub-don-ete-2021_Peyrucq_1200x630_FR.jpg\",\"width\":1200,\"height\":630,\"caption\":\"\u00a9 Benoit Peyrucq pour JusticeInfo.net\"},{\"@type\":\"BreadcrumbList\",\"@id\":\"https:\/\/www.justiceinfo.net\/fr\/nous-soutenir#breadcrumb\",\"itemListElement\":[{\"@type\":\"ListItem\",\"position\":1,\"name\":\"Home\",\"item\":\"https:\/\/www.justiceinfo.net\/fr\"},{\"@type\":\"ListItem\",\"position\":2,\"name\":\"Nous soutenir\"}]},{\"@type\":\"WebSite\",\"@id\":\"https:\/\/www.justiceinfo.net\/fr#website\",\"url\":\"https:\/\/www.justiceinfo.net\/fr\",\"name\":\"JusticeInfo.net\",\"description\":\"La justice doit \u00eatre vue pour \u00eatre rendue\",\"publisher\":{\"@id\":\"https:\/\/www.justiceinfo.net\/fr#organization\"},\"potentialAction\":[{\"@type\":\"SearchAction\",\"target\":{\"@type\":\"EntryPoint\",\"urlTemplate\":\"https:\/\/www.justiceinfo.net\/fr?s={search_term_string}\"},\"query-input\":{\"@type\":\"PropertyValueSpecification\",\"valueRequired\":true,\"valueName\":\"search_term_string\"}}],\"inLanguage\":\"fr-FR\"},{\"@type\":\"Organization\",\"@id\":\"https:\/\/www.justiceinfo.net\/fr#organization\",\"name\":\"Justice Info\",\"url\":\"https:\/\/www.justiceinfo.net\/fr\",\"logo\":{\"@type\":\"ImageObject\",\"inLanguage\":\"fr-FR\",\"@id\":\"https:\/\/www.justiceinfo.net\/fr#\/schema\/logo\/image\/\",\"url\":\"https:\/\/www.justiceinfo.net\/wp-content\/uploads\/justiceinfo_logo-trans_1200x1200px.png\",\"contentUrl\":\"https:\/\/www.justiceinfo.net\/wp-content\/uploads\/justiceinfo_logo-trans_1200x1200px.png\",\"width\":1199,\"height\":1200,\"caption\":\"Justice Info\"},\"image\":{\"@id\":\"https:\/\/www.justiceinfo.net\/fr#\/schema\/logo\/image\/\"},\"sameAs\":[\"https:\/\/www.facebook.com\/JusticeInfo\/\",\"https:\/\/x.com\/justiceinfonet\",\"https:\/\/www.linkedin.com\/company\/justice-info\",\"https:\/\/www.youtube.com\/channel\/UCyCEsARodyuWtkWyhn-e7pA\"]}]}<\/script>\n<!-- \/ Yoast SEO Premium plugin. -->","yoast_head_json":{"title":"Nous soutenir - JusticeInfo.net","description":"Faites un don \u00e0 Justice Info. Pour donner \u00e0 nos journalistes les moyens de vous informer en toute ind\u00e9pendance, chaque contribution compte.","robots":{"index":"index","follow":"follow","max-snippet":"max-snippet:-1","max-image-preview":"max-image-preview:large","max-video-preview":"max-video-preview:-1"},"canonical":"https:\/\/www.justiceinfo.net\/fr\/nous-soutenir","og_locale":"fr_FR","og_type":"article","og_title":"Nous soutenir","og_description":"Faites un don \u00e0 Justice Info. Pour donner \u00e0 nos journalistes les moyens de vous informer en toute ind\u00e9pendance, chaque contribution compte.","og_url":"https:\/\/www.justiceinfo.net\/fr\/nous-soutenir","og_site_name":"JusticeInfo.net","article_publisher":"https:\/\/www.facebook.com\/JusticeInfo\/","article_modified_time":"2025-03-17T21:07:31+00:00","og_image":[{"width":1200,"height":630,"url":"https:\/\/www.justiceinfo.net\/wp-content\/uploads\/Justice-Info_pub-don-ete-2021_Peyrucq_1200x630_FR.jpg","type":"image\/jpeg"}],"twitter_card":"summary_large_image","twitter_site":"@justiceinfonet","twitter_misc":{"Dur\u00e9e de lecture estim\u00e9e":"1 minute"},"schema":{"@context":"https:\/\/schema.org","@graph":[{"@type":"WebPage","@id":"https:\/\/www.justiceinfo.net\/fr\/nous-soutenir","url":"https:\/\/www.justiceinfo.net\/fr\/nous-soutenir","name":"Nous soutenir - JusticeInfo.net","isPartOf":{"@id":"https:\/\/www.justiceinfo.net\/fr#website"},"primaryImageOfPage":{"@id":"https:\/\/www.justiceinfo.net\/fr\/nous-soutenir#primaryimage"},"image":{"@id":"https:\/\/www.justiceinfo.net\/fr\/nous-soutenir#primaryimage"},"thumbnailUrl":"https:\/\/www.justiceinfo.net\/wp-content\/uploads\/Justice-Info_pub-don-ete-2021_Peyrucq_1200x630_FR.jpg","datePublished":"2020-11-30T20:41:16+00:00","dateModified":"2025-03-17T21:07:31+00:00","description":"Faites un don \u00e0 Justice Info. Pour donner \u00e0 nos journalistes les moyens de vous informer en toute ind\u00e9pendance, chaque contribution compte.","breadcrumb":{"@id":"https:\/\/www.justiceinfo.net\/fr\/nous-soutenir#breadcrumb"},"inLanguage":"fr-FR","potentialAction":[{"@type":"ReadAction","target":["https:\/\/www.justiceinfo.net\/fr\/nous-soutenir"]}]},{"@type":"ImageObject","inLanguage":"fr-FR","@id":"https:\/\/www.justiceinfo.net\/fr\/nous-soutenir#primaryimage","url":"https:\/\/www.justiceinfo.net\/wp-content\/uploads\/Justice-Info_pub-don-ete-2021_Peyrucq_1200x630_FR.jpg","contentUrl":"https:\/\/www.justiceinfo.net\/wp-content\/uploads\/Justice-Info_pub-don-ete-2021_Peyrucq_1200x630_FR.jpg","width":1200,"height":630,"caption":"\u00a9 Benoit Peyrucq pour JusticeInfo.net"},{"@type":"BreadcrumbList","@id":"https:\/\/www.justiceinfo.net\/fr\/nous-soutenir#breadcrumb","itemListElement":[{"@type":"ListItem","position":1,"name":"Home","item":"https:\/\/www.justiceinfo.net\/fr"},{"@type":"ListItem","position":2,"name":"Nous soutenir"}]},{"@type":"WebSite","@id":"https:\/\/www.justiceinfo.net\/fr#website","url":"https:\/\/www.justiceinfo.net\/fr","name":"JusticeInfo.net","description":"La justice doit \u00eatre vue pour \u00eatre rendue","publisher":{"@id":"https:\/\/www.justiceinfo.net\/fr#organization"},"potentialAction":[{"@type":"SearchAction","target":{"@type":"EntryPoint","urlTemplate":"https:\/\/www.justiceinfo.net\/fr?s={search_term_string}"},"query-input":{"@type":"PropertyValueSpecification","valueRequired":true,"valueName":"search_term_string"}}],"inLanguage":"fr-FR"},{"@type":"Organization","@id":"https:\/\/www.justiceinfo.net\/fr#organization","name":"Justice Info","url":"https:\/\/www.justiceinfo.net\/fr","logo":{"@type":"ImageObject","inLanguage":"fr-FR","@id":"https:\/\/www.justiceinfo.net\/fr#\/schema\/logo\/image\/","url":"https:\/\/www.justiceinfo.net\/wp-content\/uploads\/justiceinfo_logo-trans_1200x1200px.png","contentUrl":"https:\/\/www.justiceinfo.net\/wp-content\/uploads\/justiceinfo_logo-trans_1200x1200px.png","width":1199,"height":1200,"caption":"Justice Info"},"image":{"@id":"https:\/\/www.justiceinfo.net\/fr#\/schema\/logo\/image\/"},"sameAs":["https:\/\/www.facebook.com\/JusticeInfo\/","https:\/\/x.com\/justiceinfonet","https:\/\/www.linkedin.com\/company\/justice-info","https:\/\/www.youtube.com\/channel\/UCyCEsARodyuWtkWyhn-e7pA"]}]}},"_links":{"self":[{"href":"https:\/\/www.justiceinfo.net\/fr\/wp-json\/wp\/v2\/pages\/59127","targetHints":{"allow":["GET"]}}],"collection":[{"href":"https:\/\/www.justiceinfo.net\/fr\/wp-json\/wp\/v2\/pages"}],"about":[{"href":"https:\/\/www.justiceinfo.net\/fr\/wp-json\/wp\/v2\/types\/page"}],"author":[{"embeddable":true,"href":"https:\/\/www.justiceinfo.net\/fr\/wp-json\/wp\/v2\/users\/166"}],"replies":[{"embeddable":true,"href":"https:\/\/www.justiceinfo.net\/fr\/wp-json\/wp\/v2\/comments?post=59127"}],"version-history":[{"count":11,"href":"https:\/\/www.justiceinfo.net\/fr\/wp-json\/wp\/v2\/pages\/59127\/revisions"}],"predecessor-version":[{"id":142950,"href":"https:\/\/www.justiceinfo.net\/fr\/wp-json\/wp\/v2\/pages\/59127\/revisions\/142950"}],"wp:featuredmedia":[{"embeddable":true,"href":"https:\/\/www.justiceinfo.net\/fr\/wp-json\/wp\/v2\/media\/80697"}],"wp:attachment":[{"href":"https:\/\/www.justiceinfo.net\/fr\/wp-json\/wp\/v2\/media?parent=59127"}],"curies":[{"name":"wp","href":"https:\/\/api.w.org\/{rel}","templated":true}]}}