{"id":59277,"date":"2020-12-05T19:51:49","date_gmt":"2020-12-05T18:51:49","guid":{"rendered":"https:\/\/www.justiceinfo.net\/?page_id=59277"},"modified":"2021-04-15T16:24:09","modified_gmt":"2021-04-15T14:24:09","slug":"mentions-legales-html","status":"publish","type":"page","link":"https:\/\/www.justiceinfo.net\/fr\/mentions-legales-html","title":{"rendered":"Mentions l\u00e9gales"},"content":{"rendered":"\n<p>L\u2019utilisation des contenus textuels publi\u00e9s sur JusticeInfo.net est libre de droit (sous licence Creative Commons), \u00e0 l\u2019exception des d\u00e9p\u00eaches de l\u2019AFP.<\/p>\n\n\n\n<p>Nos contenus visuels (photographies, infographies, illustrations et vid\u00e9os) peuvent \u00eatre soumis au droit d'auteur. Nous vous invitons \u00e0 <a href=\"https:\/\/www.justiceinfo.net\/fr\/nous-contacter\">nous contacter<\/a> pour pr\u00e9ciser l'usage envisag\u00e9 et vous informer des conditions de republication, au cas par cas.<\/p>\n\n\n\n<p>Les images cr\u00e9dit\u00e9es \u00e0 l'AFP ne peuvent \u00eatre utilis\u00e9es sans l'accord des auteurs.<\/p>\n\n\n\n<h5 class=\"wp-block-heading\"><strong>Nous encourageons le partage de nos contenus aux conditions suivantes :<\/strong><\/h5>\n\n\n\n<ul class=\"wp-block-list\"><li>La reproduction totale ou partielle de documents de JusticeInfo.net dans des journaux et magazines, des sites Internet d\u00e9di\u00e9s \u00e0 la presse \u00e9lectronique et \u00e0 acc\u00e8s gratuit, est autoris\u00e9e si la source JusticeInfo.net est clairement mentionn\u00e9e ou cit\u00e9e (contenus audio).<\/li><\/ul>\n\n\n\n<ul class=\"wp-block-list\"><li>Les documents JusticeInfo.net repris par d'autres sites ou services Internet doivent \u00eatre accompagn\u00e9s d'un lien URL actif renvoyant \u00e0 la page d'accueil de JusticeInfo (<a href=\"http:\/\/www.justiceinfo.net\/\">http:\/\/www.justiceinfo.net\/<\/a>) ou vers une autre page du site JusticeInfo.net.<\/li><\/ul>\n\n\n\n<ul class=\"wp-block-list\"><li>Les modifications ou adaptations de ces contenus ne soient faites qu\u2019apr\u00e8s accord explicite de la r\u00e9daction en chef de JusticeInfo.net.<\/li><\/ul>\n\n\n\n<ul class=\"wp-block-list\"><li>Aucun usage commercial ne doit \u00eatre fait de ces contenus.<\/li><\/ul>\n","protected":false},"excerpt":{"rendered":"<p>L\u2019utilisation des contenus textuels publi\u00e9s sur JusticeInfo.net est libre de droit (sous licence Creative Commons), \u00e0 l\u2019exception des d\u00e9p\u00eaches de l\u2019AFP. Nos contenus visuels (photographies, infographies, illustrations et vid\u00e9os) peuvent \u00eatre soumis au droit d'auteur. Nous vous invitons \u00e0 nous contacter pour pr\u00e9ciser l'usage envisag\u00e9 et vous informer des conditions de republication, au cas par [&hellip;]<\/p>\n","protected":false},"author":166,"featured_media":0,"parent":0,"menu_order":0,"comment_status":"closed","ping_status":"closed","template":"","meta":{"_acf_changed":false,"footnotes":""},"class_list":["post-59277","page","type-page","status-publish","hentry"],"acf":[],"yoast_head":"<!-- This site is optimized with the Yoast SEO Premium plugin v25.3.1 (Yoast SEO v25.3.1) - https:\/\/yoast.com\/wordpress\/plugins\/seo\/ -->\n<title>Mentions l\u00e9gales - JusticeInfo.net<\/title>\n<meta name=\"robots\" content=\"index, follow, max-snippet:-1, max-image-preview:large, max-video-preview:-1\" \/>\n<link rel=\"canonical\" href=\"https:\/\/www.justiceinfo.net\/fr\/mentions-legales-html\" \/>\n<meta property=\"og:locale\" content=\"fr_FR\" \/>\n<meta property=\"og:type\" content=\"article\" \/>\n<meta property=\"og:title\" content=\"Mentions l\u00e9gales\" \/>\n<meta property=\"og:description\" content=\"L\u2019utilisation des contenus textuels publi\u00e9s sur JusticeInfo.net est libre de droit (sous licence Creative Commons), \u00e0 l\u2019exception des d\u00e9p\u00eaches de l\u2019AFP. Nos contenus visuels (photographies, infographies, illustrations et vid\u00e9os) peuvent \u00eatre soumis au droit d&#039;auteur. Nous vous invitons \u00e0 nous contacter pour pr\u00e9ciser l&#039;usage envisag\u00e9 et vous informer des conditions de republication, au cas par [&hellip;]\" \/>\n<meta property=\"og:url\" content=\"https:\/\/www.justiceinfo.net\/fr\/mentions-legales-html\" \/>\n<meta property=\"og:site_name\" content=\"JusticeInfo.net\" \/>\n<meta property=\"article:publisher\" content=\"https:\/\/www.facebook.com\/JusticeInfo\/\" \/>\n<meta property=\"article:modified_time\" content=\"2021-04-15T14:24:09+00:00\" \/>\n<meta property=\"og:image\" content=\"https:\/\/www.justiceinfo.net\/wp-content\/uploads\/JusticeInfoNet_logo_1200x630px.jpg\" \/>\n\t<meta property=\"og:image:width\" content=\"1200\" \/>\n\t<meta property=\"og:image:height\" content=\"630\" \/>\n\t<meta property=\"og:image:type\" content=\"image\/jpeg\" \/>\n<meta name=\"twitter:card\" content=\"summary_large_image\" \/>\n<meta name=\"twitter:site\" content=\"@justiceinfonet\" \/>\n<meta name=\"twitter:label1\" content=\"Dur\u00e9e de lecture estim\u00e9e\" \/>\n\t<meta name=\"twitter:data1\" content=\"1 minute\" \/>\n<script type=\"application\/ld+json\" class=\"yoast-schema-graph\">{\"@context\":\"https:\/\/schema.org\",\"@graph\":[{\"@type\":\"WebPage\",\"@id\":\"https:\/\/www.justiceinfo.net\/fr\/mentions-legales-html\",\"url\":\"https:\/\/www.justiceinfo.net\/fr\/mentions-legales-html\",\"name\":\"Mentions l\u00e9gales - JusticeInfo.net\",\"isPartOf\":{\"@id\":\"https:\/\/www.justiceinfo.net\/fr#website\"},\"datePublished\":\"2020-12-05T18:51:49+00:00\",\"dateModified\":\"2021-04-15T14:24:09+00:00\",\"breadcrumb\":{\"@id\":\"https:\/\/www.justiceinfo.net\/fr\/mentions-legales-html#breadcrumb\"},\"inLanguage\":\"fr-FR\",\"potentialAction\":[{\"@type\":\"ReadAction\",\"target\":[\"https:\/\/www.justiceinfo.net\/fr\/mentions-legales-html\"]}]},{\"@type\":\"BreadcrumbList\",\"@id\":\"https:\/\/www.justiceinfo.net\/fr\/mentions-legales-html#breadcrumb\",\"itemListElement\":[{\"@type\":\"ListItem\",\"position\":1,\"name\":\"Home\",\"item\":\"https:\/\/www.justiceinfo.net\/fr\"},{\"@type\":\"ListItem\",\"position\":2,\"name\":\"Mentions l\u00e9gales\"}]},{\"@type\":\"WebSite\",\"@id\":\"https:\/\/www.justiceinfo.net\/fr#website\",\"url\":\"https:\/\/www.justiceinfo.net\/fr\",\"name\":\"JusticeInfo.net\",\"description\":\"La justice doit \u00eatre vue pour \u00eatre rendue\",\"publisher\":{\"@id\":\"https:\/\/www.justiceinfo.net\/fr#organization\"},\"potentialAction\":[{\"@type\":\"SearchAction\",\"target\":{\"@type\":\"EntryPoint\",\"urlTemplate\":\"https:\/\/www.justiceinfo.net\/fr?s={search_term_string}\"},\"query-input\":{\"@type\":\"PropertyValueSpecification\",\"valueRequired\":true,\"valueName\":\"search_term_string\"}}],\"inLanguage\":\"fr-FR\"},{\"@type\":\"Organization\",\"@id\":\"https:\/\/www.justiceinfo.net\/fr#organization\",\"name\":\"Justice Info\",\"url\":\"https:\/\/www.justiceinfo.net\/fr\",\"logo\":{\"@type\":\"ImageObject\",\"inLanguage\":\"fr-FR\",\"@id\":\"https:\/\/www.justiceinfo.net\/fr#\/schema\/logo\/image\/\",\"url\":\"https:\/\/www.justiceinfo.net\/wp-content\/uploads\/justiceinfo_logo-trans_1200x1200px.png\",\"contentUrl\":\"https:\/\/www.justiceinfo.net\/wp-content\/uploads\/justiceinfo_logo-trans_1200x1200px.png\",\"width\":1199,\"height\":1200,\"caption\":\"Justice Info\"},\"image\":{\"@id\":\"https:\/\/www.justiceinfo.net\/fr#\/schema\/logo\/image\/\"},\"sameAs\":[\"https:\/\/www.facebook.com\/JusticeInfo\/\",\"https:\/\/x.com\/justiceinfonet\",\"https:\/\/www.linkedin.com\/company\/justice-info\",\"https:\/\/www.youtube.com\/channel\/UCyCEsARodyuWtkWyhn-e7pA\"]}]}<\/script>\n<!-- \/ Yoast SEO Premium plugin. -->","yoast_head_json":{"title":"Mentions l\u00e9gales - JusticeInfo.net","robots":{"index":"index","follow":"follow","max-snippet":"max-snippet:-1","max-image-preview":"max-image-preview:large","max-video-preview":"max-video-preview:-1"},"canonical":"https:\/\/www.justiceinfo.net\/fr\/mentions-legales-html","og_locale":"fr_FR","og_type":"article","og_title":"Mentions l\u00e9gales","og_description":"L\u2019utilisation des contenus textuels publi\u00e9s sur JusticeInfo.net est libre de droit (sous licence Creative Commons), \u00e0 l\u2019exception des d\u00e9p\u00eaches de l\u2019AFP. Nos contenus visuels (photographies, infographies, illustrations et vid\u00e9os) peuvent \u00eatre soumis au droit d'auteur. Nous vous invitons \u00e0 nous contacter pour pr\u00e9ciser l'usage envisag\u00e9 et vous informer des conditions de republication, au cas par [&hellip;]","og_url":"https:\/\/www.justiceinfo.net\/fr\/mentions-legales-html","og_site_name":"JusticeInfo.net","article_publisher":"https:\/\/www.facebook.com\/JusticeInfo\/","article_modified_time":"2021-04-15T14:24:09+00:00","og_image":[{"width":1200,"height":630,"url":"https:\/\/www.justiceinfo.net\/wp-content\/uploads\/JusticeInfoNet_logo_1200x630px.jpg","type":"image\/jpeg"}],"twitter_card":"summary_large_image","twitter_site":"@justiceinfonet","twitter_misc":{"Dur\u00e9e de lecture estim\u00e9e":"1 minute"},"schema":{"@context":"https:\/\/schema.org","@graph":[{"@type":"WebPage","@id":"https:\/\/www.justiceinfo.net\/fr\/mentions-legales-html","url":"https:\/\/www.justiceinfo.net\/fr\/mentions-legales-html","name":"Mentions l\u00e9gales - JusticeInfo.net","isPartOf":{"@id":"https:\/\/www.justiceinfo.net\/fr#website"},"datePublished":"2020-12-05T18:51:49+00:00","dateModified":"2021-04-15T14:24:09+00:00","breadcrumb":{"@id":"https:\/\/www.justiceinfo.net\/fr\/mentions-legales-html#breadcrumb"},"inLanguage":"fr-FR","potentialAction":[{"@type":"ReadAction","target":["https:\/\/www.justiceinfo.net\/fr\/mentions-legales-html"]}]},{"@type":"BreadcrumbList","@id":"https:\/\/www.justiceinfo.net\/fr\/mentions-legales-html#breadcrumb","itemListElement":[{"@type":"ListItem","position":1,"name":"Home","item":"https:\/\/www.justiceinfo.net\/fr"},{"@type":"ListItem","position":2,"name":"Mentions l\u00e9gales"}]},{"@type":"WebSite","@id":"https:\/\/www.justiceinfo.net\/fr#website","url":"https:\/\/www.justiceinfo.net\/fr","name":"JusticeInfo.net","description":"La justice doit \u00eatre vue pour \u00eatre rendue","publisher":{"@id":"https:\/\/www.justiceinfo.net\/fr#organization"},"potentialAction":[{"@type":"SearchAction","target":{"@type":"EntryPoint","urlTemplate":"https:\/\/www.justiceinfo.net\/fr?s={search_term_string}"},"query-input":{"@type":"PropertyValueSpecification","valueRequired":true,"valueName":"search_term_string"}}],"inLanguage":"fr-FR"},{"@type":"Organization","@id":"https:\/\/www.justiceinfo.net\/fr#organization","name":"Justice Info","url":"https:\/\/www.justiceinfo.net\/fr","logo":{"@type":"ImageObject","inLanguage":"fr-FR","@id":"https:\/\/www.justiceinfo.net\/fr#\/schema\/logo\/image\/","url":"https:\/\/www.justiceinfo.net\/wp-content\/uploads\/justiceinfo_logo-trans_1200x1200px.png","contentUrl":"https:\/\/www.justiceinfo.net\/wp-content\/uploads\/justiceinfo_logo-trans_1200x1200px.png","width":1199,"height":1200,"caption":"Justice Info"},"image":{"@id":"https:\/\/www.justiceinfo.net\/fr#\/schema\/logo\/image\/"},"sameAs":["https:\/\/www.facebook.com\/JusticeInfo\/","https:\/\/x.com\/justiceinfonet","https:\/\/www.linkedin.com\/company\/justice-info","https:\/\/www.youtube.com\/channel\/UCyCEsARodyuWtkWyhn-e7pA"]}]}},"_links":{"self":[{"href":"https:\/\/www.justiceinfo.net\/fr\/wp-json\/wp\/v2\/pages\/59277","targetHints":{"allow":["GET"]}}],"collection":[{"href":"https:\/\/www.justiceinfo.net\/fr\/wp-json\/wp\/v2\/pages"}],"about":[{"href":"https:\/\/www.justiceinfo.net\/fr\/wp-json\/wp\/v2\/types\/page"}],"author":[{"embeddable":true,"href":"https:\/\/www.justiceinfo.net\/fr\/wp-json\/wp\/v2\/users\/166"}],"replies":[{"embeddable":true,"href":"https:\/\/www.justiceinfo.net\/fr\/wp-json\/wp\/v2\/comments?post=59277"}],"version-history":[{"count":24,"href":"https:\/\/www.justiceinfo.net\/fr\/wp-json\/wp\/v2\/pages\/59277\/revisions"}],"predecessor-version":[{"id":76093,"href":"https:\/\/www.justiceinfo.net\/fr\/wp-json\/wp\/v2\/pages\/59277\/revisions\/76093"}],"wp:attachment":[{"href":"https:\/\/www.justiceinfo.net\/fr\/wp-json\/wp\/v2\/media?parent=59277"}],"curies":[{"name":"wp","href":"https:\/\/api.w.org\/{rel}","templated":true}]}}