{"id":76530,"date":"2021-04-28T17:32:59","date_gmt":"2021-04-28T15:32:59","guid":{"rendered":"https:\/\/www.justiceinfo.net\/?page_id=76530"},"modified":"2026-03-03T09:56:38","modified_gmt":"2026-03-03T08:56:38","slug":"newsletter","status":"publish","type":"page","link":"https:\/\/www.justiceinfo.net\/fr\/newsletter","title":{"rendered":"Newsletter"},"content":{"rendered":"<p>[vc_row equal_height=\"yes\" css=\".vc_custom_1705417930357{margin-top: 0px !important;margin-bottom: 0px !important;padding-top: 0px !important;padding-bottom: 0px !important;}\"][vc_column width=\"1\/2\" css=\".vc_custom_1741121704271{margin-top: 0px !important;margin-right: 15px !important;margin-bottom: 0px !important;margin-left: 15px !important;padding-top: 0px !important;padding-bottom: 0px !important;background-color: #f0c640 !important;}\"]<h2 class=\"ListTitle h2 mt-3\">Inscription<\/h2>[vc_column_text css=\".vc_custom_1705420045512{margin-top: 0px !important;margin-bottom: 20px !important;}\"]<\/p>\n<p style=\"font-size: 1.2em;\"><strong>Toutes les publications de Justice Info, chaque semaine dans votre bo\u00eete e-mail<\/strong><\/p>\n<p><em>Pour voir un exemple de newsletter, consultez <a href=\"#archives\">nos archives<\/a><br \/>\n<\/em>[\/vc_column_text][vc_column_text]<!-- Begin MailChimp Signup Form -->\r\n\t\t\t<div id=\"mc_embed_signup\">\r\n\t\t\t\t<form action=\"https:\/\/justiceinfo.us5.list-manage.com\/subscribe\/post?u=e0b64608978cd0b1c6059b470&amp;id=8fa0175974\" method=\"post\" id=\"mc-embedded-subscribe-form\" name=\"mc-embedded-subscribe-form\" class=\"validate NewsletterFormOnly\" target=\"_blank\" novalidate>\r\n\t\t\t\t\t<input type=\"hidden\" value=\"Fran\u00e7ais\" name=\"MMERGE20\" class=\"\" id=\"mce-MMERGE20\">\r\n\t\t\t\t\t<div id=\"mc_embed_signup_scroll\">\r\n\t\t\t\t<div class=\"mc-field-group\">\r\n\t\t\t\t\t<input type=\"email\" placeholder=\"Adresse e-mail\" value=\"\" name=\"EMAIL\" class=\"required email\" id=\"mce-EMAIL\">\r\n\t\t\t\t<\/div>\r\n\t\t\t\t<div class=\"mc-field-group\">\r\n\t\t\t\t\t<input type=\"text\" placeholder=\"Pr\u00e9nom (facultatif)\" value=\"\" name=\"FNAME\" class=\"NewsletterFormOnly-optionalField\" id=\"mce-FNAME\">\r\n\t\t\t\t<\/div>\r\n\t\t\t\t<div class=\"mc-field-group\">\r\n\t\t\t\t\t<input type=\"text\" placeholder=\"Nom (facultatif)\" value=\"\" name=\"LNAME\" class=\"NewsletterFormOnly-optionalField\" id=\"mce-LNAME\">\r\n\t\t\t\t<\/div>\r\n\t\t\t\t<div class=\"mc-field-group\">\r\n\t\t\t\t\t<input type=\"text\" placeholder=\"Organisation (facultatif)\" value=\"\" name=\"MMERGE5\" class=\"NewsletterFormOnly-optionalField\" id=\"mce-MMERGE5\">\r\n\t\t\t\t<\/div>\r\n\t\t\t\t<div class=\"NewsletterFormOnly-choose\">Quelles newsletters souhaitez-vous re\u00e7evoir ?<\/div>\r\n\t\t\t\t<div class=\"mc-field-group input-group input-group--newsletters\">\r\n\t\t\t\t\t<input type=\"text\" value=\"\" id=\"newsletterchoices\" name=\"newsletterchoices\" class=\"required newsletterchoices\" style=\"position:absolute;left:-50000px;\" aria-required=\"true\">\r\n\t\t\t\t\t<ul>\r\n\t\t\t\t\t\t<li>\r\n\t\t\t\t\t\t\t<input type=\"checkbox\" value=\"2\" name=\"group[17672][2]\" id=\"mce-group[17672]-17672-1\">\r\n\t\t\t\t\t\t\t<label for=\"mce-group[17672]-17672-1\">Newsletter <strong>Justice Info<\/strong> (fran\u00e7ais) | Hebdomadaire<\/label>\r\n\t\t\t\t\t\t<\/li>\r\n\t\t\t\t\t\t<li>\r\n\t\t\t\t\t\t\t<input type=\"checkbox\" value=\"1\" name=\"group[17672][1]\" id=\"mce-group[17672]-17672-0\">\r\n\t\t\t\t\t\t\t<label for=\"mce-group[17672]-17672-0\">Newsletter <strong>Fondation Hirondelle<\/strong> (fran\u00e7ais)  | Mensuelle<\/label>\r\n\t\t\t\t\t\t<\/li>\r\n\t\t\t\t\t<\/ul>\r\n\t\t\t\t<\/div>\r\n\t\t\t\t<div id=\"mce-responses\" class=\"clear\">\r\n\t\t\t\t\t\t<div class=\"response\" id=\"mce-error-response\" style=\"display:none\"><\/div>\r\n\t\t\t\t\t\t<div class=\"response\" id=\"mce-success-response\" style=\"display:none\"><\/div>\r\n\t\t\t\t\t<\/div>    <!-- real people should not fill this in and expect good things - do not remove this or risk form bot signups-->\r\n\t\t\t\t\t<div style=\"position: absolute; left: -5000px;\" aria-hidden=\"true\"><input type=\"text\" name=\"b_e0b64608978cd0b1c6059b470_8fa0175974\" tabindex=\"-1\" value=\"\"><\/div>\r\n\t\t\t\t\t<div class=\"clear\"><input type=\"submit\" value=\"Je m'inscris\" name=\"subscribe\" id=\"mc-embedded-subscribe\" class=\"jiButton jiButton--black\"><\/div>\r\n\t\t\t\t\t<\/div>\r\n\t\t\t\t<\/form>\r\n\t\t\t<\/div>\r\n\t\t<script>\r\n\t\t\t\/*\r\n\t\t\tjQuery(document).ready(function(){\r\n\t\t\t\tjQuery(\".js-newsletterFormTitle\").parents(\".newsletterForm\").remove();\r\n\t\t\t});\r\n\t\t\t*\/\r\n\t\t<\/script>[\/vc_column_text][vc_separator color=\"custom\" accent_color=\"#c79b22\" css=\".vc_custom_1705418528475{margin-top: -10px !important;margin-bottom: 25px !important;}\"][vc_raw_html css=\".vc_custom_1764061149062{margin-top: -20px !important;}\"]JTNDZGl2JTIwc3R5bGUlM0QlMjJjb2xvciUzQSUyMCUyMzAwMDAwMCUzQiUyMGRpc3BsYXklM0ElMjBmbGV4JTNCJTIwYWxpZ24taXRlbXMlM0ElMjBjZW50ZXIlM0IlMjIlM0UlM0NpbWclMjBjbGFzcyUzRCUyMmFsaWdubGVmdCUyMHdwLWltYWdlLTY5MjIxJTIyJTIwc3R5bGUlM0QlMjJ3aWR0aCUzQSUyMDI0cHglMjAlMjFpbXBvcnRhbnQlM0IlMjIlMjBzcmMlM0QlMjIlMkZ3cC1jb250ZW50JTJGdXBsb2FkcyUyRlVuaXRlZC1LaW5nZG9tLWZsYWcucG5nJTIyJTIwYWx0JTNEJTIyVUslMjBmbGFnJTIyJTIwd2lkdGglM0QlMjIyNCUyMiUyMGhlaWdodCUzRCUyMjEyJTIyJTIwJTJGJTNFJTNDc3BhbiUzRUlmJTIweW91JTIwd2lzaCUyMHRvJTIwcmVjZWl2ZSUyMG91ciUyMG5ld3NsZXR0ZXJzJTIwaW4lMjAlM0NzdHJvbmclM0VFbmdsaXNoJTNDJTJGc3Ryb25nJTNFJTJDJTIwJTNDYSUyMHN0eWxlJTNEJTIyY29sb3IlM0ElMjAlMjMwMDAwMDAlM0IlMjIlMjBocmVmJTNEJTIyaHR0cHMlM0ElMkYlMkZqdXN0aWNlaW5mby5uZXQlMkZlbiUyRm5ld3NsZXR0ZXIlMjIlM0VjbGljayUyMGhlcmUlM0MlMkZhJTNFLiUzQyUyRnNwYW4lM0UlM0MlMkZkaXYlM0U=[\/vc_raw_html][vc_separator color=\"custom\" accent_color=\"#c79b22\" css=\".vc_custom_1705418442844{margin-top: -10px !important;margin-bottom: 20px !important;}\"][vc_column_text css=\".vc_custom_1764061158813{margin-top: -20px !important;}\"]<\/p>\n<p style=\"text-align: left;\">Nos <a href=\"#archives\">newsletters<\/a> sont gratuites et garanties sans spam.<\/p>\n<p style=\"text-align: left;\">Nous n\u2019utiliserons jamais vos coordonn\u00e9es en-dehors du cadre de ces newsletters. Tr\u00e8s exceptionnellement vous recevrez nos campagnes d\u2019information, au sujet de Justice Info (et\/ou de La Fondation Hirondelle) uniquement.<\/p>\n<p>[\/vc_column_text][\/vc_column][vc_column width=\"1\/2\" css=\".vc_custom_1741121428754{margin-top: 0px !important;margin-right: 15px !important;margin-bottom: 0px !important;margin-left: 15px !important;padding-top: 0px !important;padding-bottom: 0px !important;background-color: #e9e9e9 !important;}\" el_id=\"archives\"]<div class=\"row\" style=\"\"><div class=\"col-12\"><h2 class=\"ListTitle mt-3\">Nos derni\u00e8res newsletters<\/h2><\/div><\/div>[vc_column_text]<div class=\"col-12 archive-newletters\">\r\n\t\t\t<style>\r\n\t\t\t.archive-newletters .campaign{\r\n\t\t\t\tborder: 1px solid rgba(0, 0, 0, 0.1);\r\n    \t\t\tpadding: 10px;\r\n\t\t\t}\r\n\t\t\t.archive-newletters .campaign:not(:first-child){\r\n\t\t\t\tmargin-top : 30px;\r\n\t\t\t}\r\n\t\t\t.archive-newletters .campaign a{\r\n\t\t\t\ttext-decoration: none;\r\n\t\t\t\tfont-weight: 600;\r\n\t\t\t}\r\n\t\t\t<\/style>\r\n          <script\r\n            language=\"javascript\"\r\n            src=\"https:\/\/hirondelle.us5.list-manage.com\/generate-js\/?u=e0b64608978cd0b1c6059b470&show=6&fid=5862\"\r\n            type=\"text\/javascript\"\r\n          ><\/script>\r\n\t\t  \r\n\t\t  <\/div>[\/vc_column_text][\/vc_column][\/vc_row]<\/p>\n","protected":false},"excerpt":{"rendered":"<p>[vc_row equal_height=\"yes\" css=\".vc_custom_1705417930357{margin-top: 0px !important;margin-bottom: 0px !important;padding-top: 0px !important;padding-bottom: 0px !important;}\"][vc_column width=\"1\/2\" css=\".vc_custom_1741121704271{margin-top: 0px !important;margin-right: 15px !important;margin-bottom: 0px !important;margin-left: 15px !important;padding-top: 0px !important;padding-bottom: 0px !important;background-color: #f0c640 !important;}\"][vc_column_text css=\".vc_custom_1705420045512{margin-top: 0px !important;margin-bottom: 20px !important;}\"] Toutes les publications de Justice Info, chaque semaine dans votre bo\u00eete e-mail Pour voir un exemple de newsletter, consultez nos archives [\/vc_column_text][vc_column_text][\/vc_column_text][vc_separator color=\"custom\" [&hellip;]<\/p>\n","protected":false},"author":166,"featured_media":155887,"parent":0,"menu_order":0,"comment_status":"closed","ping_status":"closed","template":"","meta":{"_acf_changed":false,"footnotes":""},"class_list":["post-76530","page","type-page","status-publish","has-post-thumbnail","hentry"],"acf":[],"yoast_head":"<!-- This site is optimized with the Yoast SEO Premium plugin v25.3.1 (Yoast SEO v25.3.1) - https:\/\/yoast.com\/wordpress\/plugins\/seo\/ -->\n<title>Newsletter - JusticeInfo.net<\/title>\n<meta name=\"description\" content=\"Abonnez-vous \u00e0 notre newsletter gratuite. Toutes les publications de Justice Info, chaque semaine dans votre bo\u00eete e-mail. Actualit\u00e9s de la justice internationale, infos sur la justice transitionnelle partout dans le monde et bien plus.\" \/>\n<meta name=\"robots\" content=\"index, follow, max-snippet:-1, max-image-preview:large, max-video-preview:-1\" \/>\n<link rel=\"canonical\" href=\"https:\/\/www.justiceinfo.net\/fr\/newsletter\" \/>\n<meta property=\"og:locale\" content=\"fr_FR\" \/>\n<meta property=\"og:type\" content=\"article\" \/>\n<meta property=\"og:title\" content=\"Newsletter\" \/>\n<meta property=\"og:description\" content=\"Abonnez-vous \u00e0 notre newsletter gratuite. Toutes les publications de Justice Info, chaque semaine dans votre bo\u00eete e-mail. Actualit\u00e9s de la justice internationale, infos sur la justice transitionnelle partout dans le monde et bien plus.\" \/>\n<meta property=\"og:url\" content=\"https:\/\/www.justiceinfo.net\/fr\/newsletter\" \/>\n<meta property=\"og:site_name\" content=\"JusticeInfo.net\" \/>\n<meta property=\"article:publisher\" content=\"https:\/\/www.facebook.com\/JusticeInfo\/\" \/>\n<meta property=\"article:modified_time\" content=\"2026-03-03T08:56:38+00:00\" \/>\n<meta property=\"og:image\" content=\"https:\/\/www.justiceinfo.net\/wp-content\/uploads\/Newsletter_2026_1200x1200_@Justice-Info.jpg\" \/>\n\t<meta property=\"og:image:width\" content=\"1200\" \/>\n\t<meta property=\"og:image:height\" content=\"1200\" \/>\n\t<meta property=\"og:image:type\" content=\"image\/jpeg\" \/>\n<meta name=\"twitter:card\" content=\"summary_large_image\" \/>\n<meta name=\"twitter:site\" content=\"@justiceinfonet\" \/>\n<meta name=\"twitter:label1\" content=\"Dur\u00e9e de lecture estim\u00e9e\" \/>\n\t<meta name=\"twitter:data1\" content=\"1 minute\" \/>\n<script type=\"application\/ld+json\" class=\"yoast-schema-graph\">{\"@context\":\"https:\/\/schema.org\",\"@graph\":[{\"@type\":\"WebPage\",\"@id\":\"https:\/\/www.justiceinfo.net\/fr\/newsletter\",\"url\":\"https:\/\/www.justiceinfo.net\/fr\/newsletter\",\"name\":\"Newsletter - JusticeInfo.net\",\"isPartOf\":{\"@id\":\"https:\/\/www.justiceinfo.net\/fr#website\"},\"primaryImageOfPage\":{\"@id\":\"https:\/\/www.justiceinfo.net\/fr\/newsletter#primaryimage\"},\"image\":{\"@id\":\"https:\/\/www.justiceinfo.net\/fr\/newsletter#primaryimage\"},\"thumbnailUrl\":\"https:\/\/www.justiceinfo.net\/wp-content\/uploads\/Newsletter_2026_1200x1200_@Justice-Info.jpg\",\"datePublished\":\"2021-04-28T15:32:59+00:00\",\"dateModified\":\"2026-03-03T08:56:38+00:00\",\"description\":\"Abonnez-vous \u00e0 notre newsletter gratuite. Toutes les publications de Justice Info, chaque semaine dans votre bo\u00eete e-mail. Actualit\u00e9s de la justice internationale, infos sur la justice transitionnelle partout dans le monde et bien plus.\",\"breadcrumb\":{\"@id\":\"https:\/\/www.justiceinfo.net\/fr\/newsletter#breadcrumb\"},\"inLanguage\":\"fr-FR\",\"potentialAction\":[{\"@type\":\"ReadAction\",\"target\":[\"https:\/\/www.justiceinfo.net\/fr\/newsletter\"]}]},{\"@type\":\"ImageObject\",\"inLanguage\":\"fr-FR\",\"@id\":\"https:\/\/www.justiceinfo.net\/fr\/newsletter#primaryimage\",\"url\":\"https:\/\/www.justiceinfo.net\/wp-content\/uploads\/Newsletter_2026_1200x1200_@Justice-Info.jpg\",\"contentUrl\":\"https:\/\/www.justiceinfo.net\/wp-content\/uploads\/Newsletter_2026_1200x1200_@Justice-Info.jpg\",\"width\":1200,\"height\":1200,\"caption\":\"Newsletter Justice Info\"},{\"@type\":\"BreadcrumbList\",\"@id\":\"https:\/\/www.justiceinfo.net\/fr\/newsletter#breadcrumb\",\"itemListElement\":[{\"@type\":\"ListItem\",\"position\":1,\"name\":\"Home\",\"item\":\"https:\/\/www.justiceinfo.net\/fr\"},{\"@type\":\"ListItem\",\"position\":2,\"name\":\"Newsletter\"}]},{\"@type\":\"WebSite\",\"@id\":\"https:\/\/www.justiceinfo.net\/fr#website\",\"url\":\"https:\/\/www.justiceinfo.net\/fr\",\"name\":\"JusticeInfo.net\",\"description\":\"La justice doit \u00eatre vue pour \u00eatre rendue\",\"publisher\":{\"@id\":\"https:\/\/www.justiceinfo.net\/fr#organization\"},\"potentialAction\":[{\"@type\":\"SearchAction\",\"target\":{\"@type\":\"EntryPoint\",\"urlTemplate\":\"https:\/\/www.justiceinfo.net\/fr?s={search_term_string}\"},\"query-input\":{\"@type\":\"PropertyValueSpecification\",\"valueRequired\":true,\"valueName\":\"search_term_string\"}}],\"inLanguage\":\"fr-FR\"},{\"@type\":\"Organization\",\"@id\":\"https:\/\/www.justiceinfo.net\/fr#organization\",\"name\":\"Justice Info\",\"url\":\"https:\/\/www.justiceinfo.net\/fr\",\"logo\":{\"@type\":\"ImageObject\",\"inLanguage\":\"fr-FR\",\"@id\":\"https:\/\/www.justiceinfo.net\/fr#\/schema\/logo\/image\/\",\"url\":\"https:\/\/www.justiceinfo.net\/wp-content\/uploads\/justiceinfo_logo-trans_1200x1200px.png\",\"contentUrl\":\"https:\/\/www.justiceinfo.net\/wp-content\/uploads\/justiceinfo_logo-trans_1200x1200px.png\",\"width\":1199,\"height\":1200,\"caption\":\"Justice Info\"},\"image\":{\"@id\":\"https:\/\/www.justiceinfo.net\/fr#\/schema\/logo\/image\/\"},\"sameAs\":[\"https:\/\/www.facebook.com\/JusticeInfo\/\",\"https:\/\/x.com\/justiceinfonet\",\"https:\/\/www.linkedin.com\/company\/justice-info\",\"https:\/\/www.youtube.com\/channel\/UCyCEsARodyuWtkWyhn-e7pA\"]}]}<\/script>\n<!-- \/ Yoast SEO Premium plugin. -->","yoast_head_json":{"title":"Newsletter - JusticeInfo.net","description":"Abonnez-vous \u00e0 notre newsletter gratuite. Toutes les publications de Justice Info, chaque semaine dans votre bo\u00eete e-mail. Actualit\u00e9s de la justice internationale, infos sur la justice transitionnelle partout dans le monde et bien plus.","robots":{"index":"index","follow":"follow","max-snippet":"max-snippet:-1","max-image-preview":"max-image-preview:large","max-video-preview":"max-video-preview:-1"},"canonical":"https:\/\/www.justiceinfo.net\/fr\/newsletter","og_locale":"fr_FR","og_type":"article","og_title":"Newsletter","og_description":"Abonnez-vous \u00e0 notre newsletter gratuite. Toutes les publications de Justice Info, chaque semaine dans votre bo\u00eete e-mail. Actualit\u00e9s de la justice internationale, infos sur la justice transitionnelle partout dans le monde et bien plus.","og_url":"https:\/\/www.justiceinfo.net\/fr\/newsletter","og_site_name":"JusticeInfo.net","article_publisher":"https:\/\/www.facebook.com\/JusticeInfo\/","article_modified_time":"2026-03-03T08:56:38+00:00","og_image":[{"width":1200,"height":1200,"url":"https:\/\/www.justiceinfo.net\/wp-content\/uploads\/Newsletter_2026_1200x1200_@Justice-Info.jpg","type":"image\/jpeg"}],"twitter_card":"summary_large_image","twitter_site":"@justiceinfonet","twitter_misc":{"Dur\u00e9e de lecture estim\u00e9e":"1 minute"},"schema":{"@context":"https:\/\/schema.org","@graph":[{"@type":"WebPage","@id":"https:\/\/www.justiceinfo.net\/fr\/newsletter","url":"https:\/\/www.justiceinfo.net\/fr\/newsletter","name":"Newsletter - JusticeInfo.net","isPartOf":{"@id":"https:\/\/www.justiceinfo.net\/fr#website"},"primaryImageOfPage":{"@id":"https:\/\/www.justiceinfo.net\/fr\/newsletter#primaryimage"},"image":{"@id":"https:\/\/www.justiceinfo.net\/fr\/newsletter#primaryimage"},"thumbnailUrl":"https:\/\/www.justiceinfo.net\/wp-content\/uploads\/Newsletter_2026_1200x1200_@Justice-Info.jpg","datePublished":"2021-04-28T15:32:59+00:00","dateModified":"2026-03-03T08:56:38+00:00","description":"Abonnez-vous \u00e0 notre newsletter gratuite. Toutes les publications de Justice Info, chaque semaine dans votre bo\u00eete e-mail. Actualit\u00e9s de la justice internationale, infos sur la justice transitionnelle partout dans le monde et bien plus.","breadcrumb":{"@id":"https:\/\/www.justiceinfo.net\/fr\/newsletter#breadcrumb"},"inLanguage":"fr-FR","potentialAction":[{"@type":"ReadAction","target":["https:\/\/www.justiceinfo.net\/fr\/newsletter"]}]},{"@type":"ImageObject","inLanguage":"fr-FR","@id":"https:\/\/www.justiceinfo.net\/fr\/newsletter#primaryimage","url":"https:\/\/www.justiceinfo.net\/wp-content\/uploads\/Newsletter_2026_1200x1200_@Justice-Info.jpg","contentUrl":"https:\/\/www.justiceinfo.net\/wp-content\/uploads\/Newsletter_2026_1200x1200_@Justice-Info.jpg","width":1200,"height":1200,"caption":"Newsletter Justice Info"},{"@type":"BreadcrumbList","@id":"https:\/\/www.justiceinfo.net\/fr\/newsletter#breadcrumb","itemListElement":[{"@type":"ListItem","position":1,"name":"Home","item":"https:\/\/www.justiceinfo.net\/fr"},{"@type":"ListItem","position":2,"name":"Newsletter"}]},{"@type":"WebSite","@id":"https:\/\/www.justiceinfo.net\/fr#website","url":"https:\/\/www.justiceinfo.net\/fr","name":"JusticeInfo.net","description":"La justice doit \u00eatre vue pour \u00eatre rendue","publisher":{"@id":"https:\/\/www.justiceinfo.net\/fr#organization"},"potentialAction":[{"@type":"SearchAction","target":{"@type":"EntryPoint","urlTemplate":"https:\/\/www.justiceinfo.net\/fr?s={search_term_string}"},"query-input":{"@type":"PropertyValueSpecification","valueRequired":true,"valueName":"search_term_string"}}],"inLanguage":"fr-FR"},{"@type":"Organization","@id":"https:\/\/www.justiceinfo.net\/fr#organization","name":"Justice Info","url":"https:\/\/www.justiceinfo.net\/fr","logo":{"@type":"ImageObject","inLanguage":"fr-FR","@id":"https:\/\/www.justiceinfo.net\/fr#\/schema\/logo\/image\/","url":"https:\/\/www.justiceinfo.net\/wp-content\/uploads\/justiceinfo_logo-trans_1200x1200px.png","contentUrl":"https:\/\/www.justiceinfo.net\/wp-content\/uploads\/justiceinfo_logo-trans_1200x1200px.png","width":1199,"height":1200,"caption":"Justice Info"},"image":{"@id":"https:\/\/www.justiceinfo.net\/fr#\/schema\/logo\/image\/"},"sameAs":["https:\/\/www.facebook.com\/JusticeInfo\/","https:\/\/x.com\/justiceinfonet","https:\/\/www.linkedin.com\/company\/justice-info","https:\/\/www.youtube.com\/channel\/UCyCEsARodyuWtkWyhn-e7pA"]}]}},"_links":{"self":[{"href":"https:\/\/www.justiceinfo.net\/fr\/wp-json\/wp\/v2\/pages\/76530","targetHints":{"allow":["GET"]}}],"collection":[{"href":"https:\/\/www.justiceinfo.net\/fr\/wp-json\/wp\/v2\/pages"}],"about":[{"href":"https:\/\/www.justiceinfo.net\/fr\/wp-json\/wp\/v2\/types\/page"}],"author":[{"embeddable":true,"href":"https:\/\/www.justiceinfo.net\/fr\/wp-json\/wp\/v2\/users\/166"}],"replies":[{"embeddable":true,"href":"https:\/\/www.justiceinfo.net\/fr\/wp-json\/wp\/v2\/comments?post=76530"}],"version-history":[{"count":29,"href":"https:\/\/www.justiceinfo.net\/fr\/wp-json\/wp\/v2\/pages\/76530\/revisions"}],"predecessor-version":[{"id":154514,"href":"https:\/\/www.justiceinfo.net\/fr\/wp-json\/wp\/v2\/pages\/76530\/revisions\/154514"}],"wp:featuredmedia":[{"embeddable":true,"href":"https:\/\/www.justiceinfo.net\/fr\/wp-json\/wp\/v2\/media\/155887"}],"wp:attachment":[{"href":"https:\/\/www.justiceinfo.net\/fr\/wp-json\/wp\/v2\/media?parent=76530"}],"curies":[{"name":"wp","href":"https:\/\/api.w.org\/{rel}","templated":true}]}}